{"id":21822,"date":"2025-05-23T09:19:05","date_gmt":"2025-05-23T09:19:05","guid":{"rendered":"https:\/\/fygreenpass.com\/?page_id=21822"},"modified":"2025-05-23T09:28:59","modified_gmt":"2025-05-23T09:28:59","slug":"marriage-and-fiance-attorneys","status":"publish","type":"page","link":"https:\/\/fygreenpass.com\/?page_id=21822","title":{"rendered":"Marriage and Fianc\u00e9 Attorneys"},"content":{"rendered":"\t\t<div data-elementor-type=\"wp-page\" data-elementor-id=\"21822\" class=\"elementor elementor-21822\" data-elementor-post-type=\"page\">\n\t\t\t\t<div class=\"elementor-element elementor-element-66ec68b e-flex e-con-boxed e-con e-parent\" data-id=\"66ec68b\" data-element_type=\"container\">\n\t\t\t\t\t<div class=\"e-con-inner\">\n\t\t\t\t\t<\/div>\n\t\t\t\t<\/div>\n\t\t<div class=\"elementor-element elementor-element-7f4b40a e-flex e-con-boxed e-con e-parent\" data-id=\"7f4b40a\" data-element_type=\"container\">\n\t\t\t\t\t<div class=\"e-con-inner\">\n\t\t<div class=\"elementor-element elementor-element-306aefc e-con-full e-flex e-con e-child\" data-id=\"306aefc\" data-element_type=\"container\">\n\t\t\t\t<div class=\"elementor-element elementor-element-ae8dc49 elementor-widget elementor-widget-heading\" data-id=\"ae8dc49\" data-element_type=\"widget\" data-widget_type=\"heading.default\">\n\t\t\t\t<div class=\"elementor-widget-container\">\n\t\t\t\t\t<h2 class=\"elementor-heading-title elementor-size-default\">Marriage and Fianc\u00e9 Attorneys<\/h2>\t\t\t\t<\/div>\n\t\t\t\t<\/div>\n\t\t\t\t<div class=\"elementor-element elementor-element-d7a1ed3 elementor-widget elementor-widget-heading\" data-id=\"d7a1ed3\" data-element_type=\"widget\" data-widget_type=\"heading.default\">\n\t\t\t\t<div class=\"elementor-widget-container\">\n\t\t\t\t\t<h2 class=\"elementor-heading-title elementor-size-default\">K-1 VISA: FIANC\u00c9 VISA<\/h2>\t\t\t\t<\/div>\n\t\t\t\t<\/div>\n\t\t\t\t<\/div>\n\t\t<div class=\"elementor-element elementor-element-68800a8 e-con-full e-flex e-con e-child\" data-id=\"68800a8\" data-element_type=\"container\">\n\t\t\t\t<div class=\"elementor-element elementor-element-a260346 elementor-widget elementor-widget-image\" data-id=\"a260346\" data-element_type=\"widget\" data-widget_type=\"image.default\">\n\t\t\t\t<div class=\"elementor-widget-container\">\n\t\t\t\t\t\t\t\t\t\t\t\t\t\t\t<img fetchpriority=\"high\" decoding=\"async\" width=\"560\" height=\"420\" src=\"https:\/\/fygreenpass.com\/wp-content\/uploads\/2025\/05\/image-3.png\" class=\"attachment-full size-full wp-image-21665\" alt=\"\" srcset=\"https:\/\/fygreenpass.com\/wp-content\/uploads\/2025\/05\/image-3.png 560w, https:\/\/fygreenpass.com\/wp-content\/uploads\/2025\/05\/image-3-430x323.png 430w, https:\/\/fygreenpass.com\/wp-content\/uploads\/2025\/05\/image-3-400x300.png 400w\" sizes=\"(max-width: 560px) 100vw, 560px\" \/>\t\t\t\t\t\t\t\t\t\t\t\t\t\t\t<\/div>\n\t\t\t\t<\/div>\n\t\t\t\t<\/div>\n\t\t\t\t\t<\/div>\n\t\t\t\t<\/div>\n\t\t<div class=\"elementor-element elementor-element-f7295ff e-flex e-con-boxed e-con e-parent\" data-id=\"f7295ff\" data-element_type=\"container\" data-settings=\"{&quot;background_background&quot;:&quot;classic&quot;}\">\n\t\t\t\t\t<div class=\"e-con-inner\">\n\t\t<div class=\"elementor-element elementor-element-84bd5b7 e-con-full e-flex e-con e-child\" data-id=\"84bd5b7\" data-element_type=\"container\">\n\t\t\t\t<div class=\"elementor-element elementor-element-ae98814 elementor-widget elementor-widget-image\" data-id=\"ae98814\" data-element_type=\"widget\" data-widget_type=\"image.default\">\n\t\t\t\t<div class=\"elementor-widget-container\">\n\t\t\t\t\t\t\t\t\t\t\t\t\t\t\t<img fetchpriority=\"high\" decoding=\"async\" width=\"560\" height=\"420\" src=\"https:\/\/fygreenpass.com\/wp-content\/uploads\/2025\/05\/image-3.png\" class=\"attachment-full size-full wp-image-21665\" alt=\"\" srcset=\"https:\/\/fygreenpass.com\/wp-content\/uploads\/2025\/05\/image-3.png 560w, https:\/\/fygreenpass.com\/wp-content\/uploads\/2025\/05\/image-3-430x323.png 430w, https:\/\/fygreenpass.com\/wp-content\/uploads\/2025\/05\/image-3-400x300.png 400w\" sizes=\"(max-width: 560px) 100vw, 560px\" \/>\t\t\t\t\t\t\t\t\t\t\t\t\t\t\t<\/div>\n\t\t\t\t<\/div>\n\t\t\t\t<\/div>\n\t\t<div class=\"elementor-element elementor-element-fb53489 e-con-full e-flex e-con e-child\" data-id=\"fb53489\" data-element_type=\"container\">\n\t\t\t\t<div class=\"elementor-element elementor-element-2c540e4 elementor-widget elementor-widget-heading\" data-id=\"2c540e4\" data-element_type=\"widget\" data-widget_type=\"heading.default\">\n\t\t\t\t<div class=\"elementor-widget-container\">\n\t\t\t\t\t<h2 class=\"elementor-heading-title elementor-size-default\">MARRIAGE VISAS: K-3 VISA, CR-1, IR-1<\/h2>\t\t\t\t<\/div>\n\t\t\t\t<\/div>\n\t\t\t\t<\/div>\n\t\t\t\t\t<\/div>\n\t\t\t\t<\/div>\n\t\t<div class=\"elementor-element elementor-element-0c3f077 e-flex e-con-boxed e-con e-child\" data-id=\"0c3f077\" data-element_type=\"container\">\n\t\t\t\t\t<div class=\"e-con-inner\">\n\t\t\t\t<div class=\"elementor-element elementor-element-d36841f elementor-widget elementor-widget-heading\" data-id=\"d36841f\" data-element_type=\"widget\" data-widget_type=\"heading.default\">\n\t\t\t\t<div class=\"elementor-widget-container\">\n\t\t\t\t\t<h2 class=\"elementor-heading-title elementor-size-default\">Filing Process<\/h2>\t\t\t\t<\/div>\n\t\t\t\t<\/div>\n\t\t\t\t<div class=\"elementor-element elementor-element-9c4cf48 elementor-align-left elementor-widget elementor-widget-button\" data-id=\"9c4cf48\" data-element_type=\"widget\" data-widget_type=\"button.default\">\n\t\t\t\t<div class=\"elementor-widget-container\">\n\t\t\t\t\t\t\t\t\t<div class=\"elementor-button-wrapper\">\n\t\t\t\t\t<a class=\"elementor-button elementor-button-link elementor-size-sm\" href=\"https:\/\/fygreenpass.com\/?page_id=21381\">\n\t\t\t\t\t\t<span class=\"elementor-button-content-wrapper\">\n\t\t\t\t\t\t\t\t\t<span class=\"elementor-button-text\">Learn how we can help you<\/span>\n\t\t\t\t\t<\/span>\n\t\t\t\t\t<\/a>\n\t\t\t\t<\/div>\n\t\t\t\t\t\t\t\t<\/div>\n\t\t\t\t<\/div>\n\t\t\t\t\t<\/div>\n\t\t\t\t<\/div>\n\t\t\t\t<\/div>\n\t\t","protected":false},"excerpt":{"rendered":"<p>Marriage and Fianc\u00e9 Attorneys Marriage and Fianc\u00e9 Attorneys At Colombo &amp; Hurd, our Marriage and Fianc\u00e9 Visa Lawyers assist clients petition for fianc\u00e9s and spouses whether they are already physically present in the United States or presently residing outside of the United States. The below is a brief outline of the fianc\u00e9 and marriage visa [&hellip;]<\/p>\n","protected":false},"author":1,"featured_media":0,"parent":21622,"menu_order":0,"comment_status":"closed","ping_status":"closed","template":"","meta":{"_acf_changed":false,"footnotes":""},"class_list":["post-21822","page","type-page","status-publish","hentry"],"acf":[],"_links":{"self":[{"href":"https:\/\/fygreenpass.com\/index.php?rest_route=\/wp\/v2\/pages\/21822","targetHints":{"allow":["GET"]}}],"collection":[{"href":"https:\/\/fygreenpass.com\/index.php?rest_route=\/wp\/v2\/pages"}],"about":[{"href":"https:\/\/fygreenpass.com\/index.php?rest_route=\/wp\/v2\/types\/page"}],"author":[{"embeddable":true,"href":"https:\/\/fygreenpass.com\/index.php?rest_route=\/wp\/v2\/users\/1"}],"replies":[{"embeddable":true,"href":"https:\/\/fygreenpass.com\/index.php?rest_route=%2Fwp%2Fv2%2Fcomments&post=21822"}],"version-history":[{"count":5,"href":"https:\/\/fygreenpass.com\/index.php?rest_route=\/wp\/v2\/pages\/21822\/revisions"}],"predecessor-version":[{"id":21836,"href":"https:\/\/fygreenpass.com\/index.php?rest_route=\/wp\/v2\/pages\/21822\/revisions\/21836"}],"up":[{"embeddable":true,"href":"https:\/\/fygreenpass.com\/index.php?rest_route=\/wp\/v2\/pages\/21622"}],"wp:attachment":[{"href":"https:\/\/fygreenpass.com\/index.php?rest_route=%2Fwp%2Fv2%2Fmedia&parent=21822"}],"curies":[{"name":"wp","href":"https:\/\/api.w.org\/{rel}","templated":true}]}}